{"id":317,"date":"2025-03-20T10:00:53","date_gmt":"2025-03-20T10:00:53","guid":{"rendered":"https:\/\/smib.eu\/home\/"},"modified":"2025-04-18T11:30:24","modified_gmt":"2025-04-18T11:30:24","slug":"home","status":"publish","type":"page","link":"https:\/\/smib.eu\/tr","title":{"rendered":"Home"},"content":{"rendered":"\n<div class=\"wp-block-cover vh-100 wp-duotone-unset-2\"><span aria-hidden=\"true\" class=\"wp-block-cover__background has-background-dim-100 has-background-dim wp-block-cover__gradient-background has-background-gradient has-blue-to-transparent-gradient-background\"><\/span><img loading=\"lazy\" decoding=\"async\" width=\"1920\" height=\"1458\" class=\"wp-block-cover__image-background wp-image-269\" alt=\"\" src=\"https:\/\/smib.eu\/wp-content\/uploads\/2025\/04\/landing.jpg\" style=\"object-position:79% 26%\" data-object-fit=\"cover\" data-object-position=\"79% 26%\" srcset=\"https:\/\/smib.eu\/wp-content\/uploads\/2025\/04\/landing.jpg 1920w, https:\/\/smib.eu\/wp-content\/uploads\/2025\/04\/landing-300x228.jpg 300w, https:\/\/smib.eu\/wp-content\/uploads\/2025\/04\/landing-1024x778.jpg 1024w, https:\/\/smib.eu\/wp-content\/uploads\/2025\/04\/landing-768x583.jpg 768w, https:\/\/smib.eu\/wp-content\/uploads\/2025\/04\/landing-1536x1166.jpg 1536w\" sizes=\"auto, (max-width: 1920px) 100vw, 1920px\" \/><div class=\"wp-block-cover__inner-container has-global-padding is-layout-constrained wp-block-cover-is-layout-constrained\">\n<div class=\"wp-block-columns container is-layout-flex wp-container-core-columns-is-layout-28f84493 wp-block-columns-is-layout-flex\">\n<div class=\"wp-block-column is-layout-flow wp-block-column-is-layout-flow\" style=\"flex-basis:66.66%\">\n<h1 class=\"wp-block-heading has-white-color has-text-color has-link-color wp-elements-c43802523d68891a63df1172b20edc9b\">Sosyal T\u0131p De\u011ferlendirme Enstit\u00fcs\u00fc SMI Berlin GmbH<\/h1>\n\n\n\n<hr class=\"wp-block-separator has-text-color has-white-color has-alpha-channel-opacity has-white-background-color has-background is-style-wide\"\/>\n\n\n\n<div class=\"wp-block-buttons is-layout-flex wp-block-buttons-is-layout-flex\">\n<div class=\"wp-block-button is-style-outline is-style-outline--1\" style=\"font-style:normal;font-weight:200\"><a class=\"wp-block-button__link has-white-color has-text-color has-link-color has-border-color has-white-border-color wp-element-button\" href=\"#next-section\">Hizmetlerimiz<\/a><\/div>\n<\/div>\n<\/div>\n\n\n\n<div class=\"wp-block-column is-layout-flow wp-block-column-is-layout-flow\" style=\"flex-basis:33.33%\"><\/div>\n<\/div>\n<\/div><\/div>\n","protected":false},"excerpt":{"rendered":"","protected":false},"author":1,"featured_media":0,"parent":0,"menu_order":1,"comment_status":"closed","ping_status":"open","template":"templates\/10_homepage.php","meta":{"_background_colour":"","footnotes":""},"class_list":["post-317","page","type-page","status-publish","hentry"],"_links":{"self":[{"href":"https:\/\/smib.eu\/tr\/index.php?rest_route=\/wp\/v2\/pages\/317","targetHints":{"allow":["GET"]}}],"collection":[{"href":"https:\/\/smib.eu\/tr\/index.php?rest_route=\/wp\/v2\/pages"}],"about":[{"href":"https:\/\/smib.eu\/tr\/index.php?rest_route=\/wp\/v2\/types\/page"}],"author":[{"embeddable":true,"href":"https:\/\/smib.eu\/tr\/index.php?rest_route=\/wp\/v2\/users\/1"}],"replies":[{"embeddable":true,"href":"https:\/\/smib.eu\/tr\/index.php?rest_route=%2Fwp%2Fv2%2Fcomments&post=317"}],"version-history":[{"count":2,"href":"https:\/\/smib.eu\/tr\/index.php?rest_route=\/wp\/v2\/pages\/317\/revisions"}],"predecessor-version":[{"id":517,"href":"https:\/\/smib.eu\/tr\/index.php?rest_route=\/wp\/v2\/pages\/317\/revisions\/517"}],"wp:attachment":[{"href":"https:\/\/smib.eu\/tr\/index.php?rest_route=%2Fwp%2Fv2%2Fmedia&parent=317"}],"curies":[{"name":"wp","href":"https:\/\/api.w.org\/{rel}","templated":true}]}}