{"id":225,"date":"2025-03-26T08:34:28","date_gmt":"2025-03-26T08:34:28","guid":{"rendered":"https:\/\/smib.eu\/datenschuzerklaerung\/"},"modified":"2025-03-26T08:43:42","modified_gmt":"2025-03-26T08:43:42","slug":"datenschuzerklaerung","status":"publish","type":"page","link":"https:\/\/smib.eu\/?page_id=225","title":{"rendered":"Datenschuzerkl\u00e4rung"},"content":{"rendered":"\n<h4 class=\"wp-block-heading\">I. NAME UND ANSCHRIFT DES VERANTWORTLICHEN<\/h4>\n\n\n\n<p>Verantwortlicher im Sinne der Datenschutz-Grundverordnung (DSGVO) und anderer nationaler Datenschutzgesetze der EU-Mitgliedsstaaten sowie sonstiger datenschutzrechtlicher Bestimmungen ist die:<\/p>\n\n\n\n<p><em>Sozialmedizinisches Gutachteninstitut SMI Berlin GmbH<\/em><br><em>Wilhelmsaue 132<\/em><br><em>10715 Berlin<\/em><br><em>Deutschland<\/em><br><em>Tel.: +49(0)30 50159456<\/em><br><em>E-Mail: info@smib.eu<\/em><br><em>Website: www.smib.eu<\/em><\/p>\n\n\n\n<h4 class=\"wp-block-heading\">I. NAME UND ANSCHRIFT DES DATENSCHUTZBEAUFTRAGTEN<\/h4>\n\n\n\n<p>Der Datenschutzbeauftragte des Verantwortlichen ist:<\/p>\n\n\n\n<p><em>Herr Alexander Stamm<\/em><br><em>Sozialmedizinisches Gutachteninstitut SMI Berlin GmbH<\/em><br><em>Wilhelmsaue 132<\/em><br><em>10715 Berlin<\/em><br><em>Deutschland<\/em><br><em>Tel.: +49(0)30 50159456<\/em><br><em>E-Mail: datenschutz@smib.eu<\/em><br><em>Website: www.smib.eu<\/em><\/p>\n\n\n\n<h4 class=\"wp-block-heading\">II. ALLGEMEINES ZUR DATENVERARBEITUNG<\/h4>\n\n\n\n<h4 class=\"wp-block-heading\">1. UMFANG DER VERARBEITUNG PERSONENBEZOGENER DATEN<\/h4>\n\n\n\n<p>Wir verarbeiten personenbezogene Daten unserer Nutzer grunds\u00e4tzlich nur, soweit dies zur Bereitstellung einer funktionsf\u00e4higen Website erforderlich ist. Die Verarbeitung personenbezogener Daten erfolgt regelm\u00e4\u00dfig nur nach Einwilligung der jeweils Betroffenen. Eine Ausnahme gilt in solchen F\u00e4llen, in denen eine vorherige Einholung einer Einwilligung aus tats\u00e4chlichen Gr\u00fcnden nicht m\u00f6glich ist und die Verarbeitung der Daten durch gesetzliche Vorschriften gestattet ist. Eine Weitergabe von personenbezogenen Daten an Dritte erfolgt im \u00dcbrigen nicht.<\/p>\n\n\n\n<h4 class=\"wp-block-heading\">2. RECHTSGRUNDLAGE F\u00dcR DIE VERARBEITUNG PERSONENBEZOGENER DATEN<\/h4>\n\n\n\n<p>Soweit eine Verarbeitung personenbezogener Daten zur Erf\u00fcllung einer rechtlichen Verpflichtung erforderlich ist, der unser Unternehmen unterliegt, dient Art.&nbsp;6 Abs.&nbsp;1 lit.&nbsp;c DSGVO als Rechtsgrundlage.<\/p>\n\n\n\n<p>F\u00fcr den Fall, dass lebenswichtige Interessen der betroffenen Person oder einer anderen nat\u00fcrlichen Person eine Verarbeitung personenbezogener Daten erforderlich machen, dient Art.&nbsp;6 Abs.&nbsp;1 lit.&nbsp;d DSGVO als Rechtsgrundlage.<\/p>\n\n\n\n<p>Ist die Verarbeitung zur Wahrung eines berechtigten Interesses unseres Unternehmens oder eines Dritten erforderlich und \u00fcberwiegen die Interessen, Grundrechte und Grundfreiheiten des Betroffenen das erstgenannte Interesse nicht, so dient Art.&nbsp;6 Abs.&nbsp;1 lit.&nbsp;f DSGVO als Rechtsgrundlage f\u00fcr die Verarbeitung.<\/p>\n\n\n\n<h4 class=\"wp-block-heading\">3. DATENL\u00d6SCHUNG UND SPEICHERDAUER<\/h4>\n\n\n\n<p>Die personenbezogenen Daten der betroffenen Person werden gel\u00f6scht oder gesperrt, sobald der Zweck der Speicherung entf\u00e4llt. Eine Speicherung kann dar\u00fcber hinaus erfolgen, wenn dies durch den europ\u00e4ischen oder nationalen Gesetzgeber in unionsrechtlichen Verordnungen, Gesetzen oder sonstigen Vorschriften, denen der Verantwortliche unterliegt, vorgesehen wurde. Eine Sperrung oder L\u00f6schung der Daten erfolgt auch dann, wenn eine durch die genannten Normen vorgeschriebene Speicherfrist abl\u00e4uft, es sei denn, dass eine Erforderlichkeit zur weiteren Speicherung der Daten f\u00fcr einen Vertragsabschluss oder eine Vertragserf\u00fcllung besteht.<\/p>\n\n\n\n<h4 class=\"wp-block-heading\">III. BEREITSTELLUNG DER WEBSITE UND ERSTELLUNG VON LOGFILES<\/h4>\n\n\n\n<h4 class=\"wp-block-heading\">1. BESCHREIBUNG UND UMFANG DER DATENVERARBEITUNG<\/h4>\n\n\n\n<p>Bei jedem Aufruf unserer Internetseite werden automatisiert Daten und Informationen vom Computersystem des aufrufenden Rechners erfasst.<\/p>\n\n\n\n<p>Folgende Daten werden hierbei erhoben:<\/p>\n\n\n\n<ul class=\"wp-block-list\">\n<li>Informationen \u00fcber den Browsertyp und die verwendete Version<\/li>\n\n\n\n<li>Das Betriebssystem des Nutzers<\/li>\n\n\n\n<li>Den Internet-Service-Provider des Nutzers<\/li>\n\n\n\n<li>Die IP-Adresse des Nutzers<\/li>\n\n\n\n<li>Datum und Uhrzeit des Zugriffs<\/li>\n\n\n\n<li>Websites, von denen das System des Nutzers auf unsere Internetseite gelangt<\/li>\n\n\n\n<li>Websites, die vom System des Nutzers \u00fcber unsere Website aufgerufen werden<\/li>\n<\/ul>\n\n\n\n<h4 class=\"wp-block-heading\">2. RECHTSGRUNDLAGE F\u00dcR DIE DATENVERARBEITUNG<\/h4>\n\n\n\n<p>Rechtsgrundlage f\u00fcr die vor\u00fcbergehende Speicherung der Daten beim Besuch dieser Internetseite ist Art.&nbsp;6 Abs.&nbsp;1 lit.&nbsp;f DSGVO.<\/p>\n\n\n\n<h4 class=\"wp-block-heading\">3. ZWECK DER DATENVERARBEITUNG<\/h4>\n\n\n\n<p>Die vor\u00fcbergehende Speicherung der IP-Adresse durch das System ist notwendig, um eine Auslieferung der Website an den Rechner des Nutzers zu erm\u00f6glichen. Hierf\u00fcr muss die IP-Adresse des Nutzers f\u00fcr die Dauer der Sitzung gespeichert bleiben.<\/p>\n\n\n\n<p>Die genannten Zwecke begr\u00fcnden unser berechtigtes Interesse an der Datenverarbeitung gem\u00e4\u00df Art.&nbsp;6 Abs.&nbsp;1 lit.&nbsp;f DSGVO.<\/p>\n\n\n\n<h4 class=\"wp-block-heading\">4. DAUER DER SPEICHERUNG<\/h4>\n\n\n\n<p>Die Daten werden gel\u00f6scht, sobald sie f\u00fcr die Erreichung des Zweckes ihrer Erhebung nicht mehr erforderlich sind. Im Falle der Erfassung der Daten zur Bereitstellung der Website ist dies der Fall, wenn die jeweilige Sitzung beendet ist.<\/p>\n\n\n\n<h4 class=\"wp-block-heading\">5. WIDERSPRUCH UND BESEITIGUNGSM\u00d6GLICHKEIT<\/h4>\n\n\n\n<p>Sofern Ihre personenbezogenen Daten auf Grundlage von berechtigten Interessen gem\u00e4\u00df Art. 6 Abs. 1 S. 1 lit. f DSGVO verarbeitet werden, haben Sie das Recht, gem\u00e4\u00df Art. 21 DSGVO Widerspruch gegen die Verarbeitung Ihrer personenbezogenen Daten einzulegen, soweit daf\u00fcr Gr\u00fcnde vorliegen, die sich aus Ihrer besonderen Situation ergeben.<\/p>\n\n\n\n<p>Wenn Sie von Ihrem Widerspruchsrecht Gebrauch machen m\u00f6chten, senden Sie bitte eine E-Mail an datenschutz@smib.eu<\/p>\n\n\n\n<h4 class=\"wp-block-heading\">IV. VERWENDUNG VON COOKIES<\/h4>\n\n\n\n<h4 class=\"wp-block-heading\">A) BESCHREIBUNG UND UMFANG DER DATENVERARBEITUNG<\/h4>\n\n\n\n<p>Unsere Webseite verwendet keine Cookies oder andere Technologien, mit denen personenbezogene Daten der Nutzer unserer Website erfasst werden. Lediglich technische Informationen zur Art des Clientger\u00e4ts wie Displaygr\u00f6\u00dfe und Bildschirmaufl\u00f6sung werden kurzzeitig erfasst, um Ihnen eine optimale Seitendarstellung anbieten zu k\u00f6nnen. Hierbei handelt es sich jedoch nicht um personenbezogene Daten im Sinne der DSGVO oder anderer datenschutzrechtlicher Bestimmungen.<\/p>\n\n\n\n<h4 class=\"wp-block-heading\">V. RECHTE DER BETROFFENEN PERSON<\/h4>\n\n\n\n<p>Wenn Sie durch die Datenverarbeitung im Rahmen unseres Internetangebots betroffen sind, haben Sie das Recht:<\/p>\n\n\n\n<ul class=\"wp-block-list\">\n<li>gem\u00e4\u00df Art. 15 DSGVO Auskunft \u00fcber Ihre von uns verarbeiteten personenbezogenen Daten zu verlangen. Insbesondere k\u00f6nnen Sie Auskunft \u00fcber die Verarbeitungszwecke, die Kategorie der personenbezogenen Daten, die Kategorien von Empf\u00e4ngern, gegen\u00fcber denen Ihre Daten offengelegt wurden oder werden, die geplante Speicherdauer, das Bestehen eines Rechts auf Berichtigung, L\u00f6schung, Einschr\u00e4nkung der Verarbeitung oder Widerspruch, das Bestehen eines Beschwerderechts, die Herkunft ihrer Daten, sofern diese nicht bei uns erhoben wurden, sowie \u00fcber das Bestehen einer automatisierten Entscheidungsfindung einschlie\u00dflich Profiling und ggf. aussagekr\u00e4ftigen Informationen zu deren Einzelheiten verlangen;<\/li>\n\n\n\n<li>gem\u00e4\u00df Art. 16 DSGVO unverz\u00fcglich die Berichtigung unrichtiger oder Vervollst\u00e4ndigung Ihrer bei uns gespeicherten personenbezogenen Daten zu verlangen;<\/li>\n\n\n\n<li>gem\u00e4\u00df Art. 17 DSGVO die L\u00f6schung Ihrer bei uns gespeicherten personenbezogenen Daten zu verlangen, soweit nicht die Verarbeitung zur Aus\u00fcbung des Rechts auf freie Meinungs-\u00e4u\u00dferung und Information, zur Erf\u00fcllung einer rechtlichen Verpflichtung, aus Gr\u00fcnden des \u00f6ffentlichen Interesses oder zur Geltendmachung, Aus\u00fcbung oder Verteidigung von Rechtsanspr\u00fcchen erforderlich ist;<\/li>\n\n\n\n<li>gem\u00e4\u00df Art. 18 DSGVO die Einschr\u00e4nkung der Verarbeitung Ihrer personenbezogenen Daten zu verlangen, soweit die Richtigkeit der Daten von Ihnen bestritten wird, die Verarbeitung unrechtm\u00e4\u00dfig ist, Sie aber deren L\u00f6schung ablehnen und wir die Daten nicht mehr ben\u00f6tigen, Sie jedoch diese zur Geltendmachung, Aus\u00fcbung oder Verteidigung von Rechtsanspr\u00fcchen ben\u00f6tigen oder Sie gem\u00e4\u00df Art. 21 DSGVO Widerspruch gegen die Verarbeitung eingelegt haben;<\/li>\n\n\n\n<li>gem\u00e4\u00df Art. 20 DSGVO Ihre personenbezogenen Daten, die Sie uns bereitgestellt haben, in einem strukturierten, g\u00e4ngigen und maschinenlesebaren Format zu erhalten oder die \u00dcbermittlung an einen anderen Verantwortlichen zu verlangen;<\/li>\n\n\n\n<li>gem\u00e4\u00df Art. 7 Abs. 3 DSGVO Ihre einmal erteilte Einwilligung jederzeit gegen\u00fcber uns zu widerrufen. Dies hat zur Folge, dass wir die Datenverarbeitung, die auf dieser Einwilligung beruhte, f\u00fcr die Zukunft nicht mehr fortf\u00fchren d\u00fcrfen und<\/li>\n\n\n\n<li>gem\u00e4\u00df Art. 77 DSGVO sich bei einer Aufsichtsbeh\u00f6rde zu beschweren. In der Regel k\u00f6nnen Sie sich hierf\u00fcr an den Landesdatenschutzbeauftragten Ihres \u00fcblichen Aufenthaltsortes oder Arbeitsplatzes oder unseres Firmensitzes wenden.<\/li>\n<\/ul>\n\n\n\n<h4 class=\"wp-block-heading\">VI. DATENSICHERHEIT<\/h4>\n\n\n\n<p>F\u00fcr den Besuch unserer Internetseiten setzen wir das sog. SSL-Verfahren (Secure Socket Layer) in Verbindung mit der jeweils h\u00f6chsten von Ihrem Browser unterst\u00fctzten Verschl\u00fcsselungsstufe ein. Falls Ihr Browser keine 256-Bit Verschl\u00fcsselung unterst\u00fctzen sollte, kommt die sog. 128-Bit v3-Technologie zum Einsatz.<\/p>\n","protected":false},"excerpt":{"rendered":"<p>I. NAME UND ANSCHRIFT DES VERANTWORTLICHEN Verantwortlicher im Sinne der Datenschutz-Grundverordnung (DSGVO) und anderer nationaler Datenschutzgesetze der EU-Mitgliedsstaaten sowie sonstiger datenschutzrechtlicher Bestimmungen ist die: Sozialmedizinisches Gutachteninstitut SMI Berlin GmbHWilhelmsaue 13210715 BerlinDeutschlandTel.: +49(0)30 50159456E-Mail: info@smib.euWebsite: www.smib.eu I. NAME UND ANSCHRIFT DES DATENSCHUTZBEAUFTRAGTEN Der Datenschutzbeauftragte des Verantwortlichen ist: Herr Alexander StammSozialmedizinisches Gutachteninstitut SMI Berlin GmbHWilhelmsaue 13210715 BerlinDeutschlandTel.: [&hellip;]<\/p>\n","protected":false},"author":1,"featured_media":0,"parent":229,"menu_order":1,"comment_status":"closed","ping_status":"closed","template":"","meta":{"_background_colour":"","footnotes":""},"class_list":["post-225","page","type-page","status-publish","hentry"],"_links":{"self":[{"href":"https:\/\/smib.eu\/index.php?rest_route=\/wp\/v2\/pages\/225","targetHints":{"allow":["GET"]}}],"collection":[{"href":"https:\/\/smib.eu\/index.php?rest_route=\/wp\/v2\/pages"}],"about":[{"href":"https:\/\/smib.eu\/index.php?rest_route=\/wp\/v2\/types\/page"}],"author":[{"embeddable":true,"href":"https:\/\/smib.eu\/index.php?rest_route=\/wp\/v2\/users\/1"}],"replies":[{"embeddable":true,"href":"https:\/\/smib.eu\/index.php?rest_route=%2Fwp%2Fv2%2Fcomments&post=225"}],"version-history":[{"count":1,"href":"https:\/\/smib.eu\/index.php?rest_route=\/wp\/v2\/pages\/225\/revisions"}],"predecessor-version":[{"id":228,"href":"https:\/\/smib.eu\/index.php?rest_route=\/wp\/v2\/pages\/225\/revisions\/228"}],"up":[{"embeddable":true,"href":"https:\/\/smib.eu\/index.php?rest_route=\/wp\/v2\/pages\/229"}],"wp:attachment":[{"href":"https:\/\/smib.eu\/index.php?rest_route=%2Fwp%2Fv2%2Fmedia&parent=225"}],"curies":[{"name":"wp","href":"https:\/\/api.w.org\/{rel}","templated":true}]}}