{"id":224,"date":"2025-03-26T08:34:28","date_gmt":"2025-03-26T08:34:28","guid":{"rendered":"https:\/\/smib.eu\/impressum\/"},"modified":"2025-04-23T06:00:23","modified_gmt":"2025-04-23T06:00:23","slug":"impressum","status":"publish","type":"page","link":"https:\/\/smib.eu\/?page_id=224","title":{"rendered":"Impressum"},"content":{"rendered":"\n<h3 class=\"wp-block-heading\">Angaben gem. \u00a7 5 TMG und \u00a7 2 DLInf-VO:<\/h3>\n\n\n\n<p>SOZIALMEDIZINISCHES GUTACHTENINSTITUT SMI BERLIN GMBH, HRB 198679 B, Amtsgericht Berlin (Charlottenburg)&nbsp;<br>Gesch\u00e4ftsf\u00fchrer Herr Dipl.-Med. Hans-Werner Pfeifer&nbsp;<br>Wilhelmsaue 132&nbsp;<br>10715 Berlin&nbsp;<\/p>\n\n\n\n<p>Steuernummer 24\/470\/00809 (Finanzamt Wilmersdorf)<br>Telefon: 030 50159455&nbsp;<br>Telefax:&nbsp;030 50159531<br>e-Mail:&nbsp; info@smib.eu&nbsp;<\/p>\n\n\n\n<p>Dipl.-Med. Hans-Werner Pfeifer ist Facharzt f\u00fcr Chirurgie mit den Zusatzbezeichnungen Sozialmedizin und \u00c4rztliches Qualit\u00e4tsmanagement. Die Berufsbezeichnung Arzt wurde in der Bundesrepublik Deutschland verliehen.<\/p>\n\n\n\n<p>Das \u00c4rzteteam der Firma SOZIALMEDIZINISCHES GUTACHTENINSTITUT SMI BERLIN GMBH geh\u00f6rt der \u00c4rztekammer Berlin, Friedrichstr. 16, 10969 Berlin, an.<\/p>\n\n\n\n<p>Zust\u00e4ndige Aufsichtsbeh\u00f6rde ist das Landesamt f\u00fcr Gesundheit und Soziales Berlin\u00a0<a href=\"http:\/\/www.lageso.de\/\" target=\"_blank\" rel=\"noreferrer noopener nofollow\">www.lageso.de<\/a>, S\u00e4chsische Stra\u00dfe 28, 10707 Berlin<\/p>\n\n\n\n<p>Alle wesentlichen, f\u00fcr die Berliner \u00c4rztinnen und \u00c4rzte geltenden Gesetze, Verordnungen und Satzungen, insbesondere die Berufsordnung der Landes\u00e4rztekammer Berlin finden Sie unter:&nbsp;<\/p>\n\n\n\n<p><a href=\"https:\/\/www.aerztekammer-berlin.de\/10arzt\/30_Berufsrecht\/06_Rechtsgrundlagen\/index.html\" target=\"_blank\" rel=\"noreferrer noopener nofollow\">https:\/\/www.aerztekammer-berlin.de\/10arzt\/30_Berufsrecht\/06_Rechtsgrundlagen\/index.html<\/a><\/p>\n","protected":false},"excerpt":{"rendered":"<p>Angaben gem. \u00a7 5 TMG und \u00a7 2 DLInf-VO: SOZIALMEDIZINISCHES GUTACHTENINSTITUT SMI BERLIN GMBH, HRB 198679 B, Amtsgericht Berlin (Charlottenburg)&nbsp;Gesch\u00e4ftsf\u00fchrer Herr Dipl.-Med. Hans-Werner Pfeifer&nbsp;Wilhelmsaue 132&nbsp;10715 Berlin&nbsp; Steuernummer 24\/470\/00809 (Finanzamt Wilmersdorf)Telefon: 030 50159455&nbsp;Telefax:&nbsp;030 50159531e-Mail:&nbsp; info@smib.eu&nbsp; Dipl.-Med. Hans-Werner Pfeifer ist Facharzt f\u00fcr Chirurgie mit den Zusatzbezeichnungen Sozialmedizin und \u00c4rztliches Qualit\u00e4tsmanagement. Die Berufsbezeichnung Arzt wurde in der Bundesrepublik [&hellip;]<\/p>\n","protected":false},"author":1,"featured_media":0,"parent":229,"menu_order":0,"comment_status":"closed","ping_status":"closed","template":"","meta":{"_background_colour":"","footnotes":""},"class_list":["post-224","page","type-page","status-publish","hentry"],"_links":{"self":[{"href":"https:\/\/smib.eu\/index.php?rest_route=\/wp\/v2\/pages\/224","targetHints":{"allow":["GET"]}}],"collection":[{"href":"https:\/\/smib.eu\/index.php?rest_route=\/wp\/v2\/pages"}],"about":[{"href":"https:\/\/smib.eu\/index.php?rest_route=\/wp\/v2\/types\/page"}],"author":[{"embeddable":true,"href":"https:\/\/smib.eu\/index.php?rest_route=\/wp\/v2\/users\/1"}],"replies":[{"embeddable":true,"href":"https:\/\/smib.eu\/index.php?rest_route=%2Fwp%2Fv2%2Fcomments&post=224"}],"version-history":[{"count":2,"href":"https:\/\/smib.eu\/index.php?rest_route=\/wp\/v2\/pages\/224\/revisions"}],"predecessor-version":[{"id":621,"href":"https:\/\/smib.eu\/index.php?rest_route=\/wp\/v2\/pages\/224\/revisions\/621"}],"up":[{"embeddable":true,"href":"https:\/\/smib.eu\/index.php?rest_route=\/wp\/v2\/pages\/229"}],"wp:attachment":[{"href":"https:\/\/smib.eu\/index.php?rest_route=%2Fwp%2Fv2%2Fmedia&parent=224"}],"curies":[{"name":"wp","href":"https:\/\/api.w.org\/{rel}","templated":true}]}}